{"id":477,"date":"2019-07-31T13:07:32","date_gmt":"2019-07-31T13:07:32","guid":{"rendered":"https:\/\/www.voltherm.com.br\/site\/?page_id=477"},"modified":"2021-04-22T20:04:52","modified_gmt":"2021-04-22T20:04:52","slug":"nossa-empresa","status":"publish","type":"page","link":"https:\/\/www.voltherm.com.br\/site\/nossa-empresa\/","title":{"rendered":"Nossa Empresa"},"content":{"rendered":"<p><strong>A empresa<\/strong><\/p>\n<figure class=\"alignleft\"><img loading=\"lazy\" width=\"197\" height=\"328\" class=\"wp-image-483\" src=\"https:\/\/www.voltherm.com.br\/site\/wp-content\/uploads\/2019\/07\/image.png\" sizes=\"(max-width: 197px) 100vw, 197px\" srcset=\"https:\/\/www.voltherm.com.br\/site\/wp-content\/uploads\/2019\/07\/image.png 197w, https:\/\/www.voltherm.com.br\/site\/wp-content\/uploads\/2019\/07\/image-180x300.png 180w\" alt=\"\" \/><\/figure>\n<p>A Voltherm est\u00e1 no mercado h\u00e1 mais de dez anos, realizando servi\u00e7os de excel\u00eancia na \u00e1rea de manuten\u00e7\u00e3o de <em>equipamentos termoel\u00e9tricos<\/em>. Gra\u00e7as a experi\u00eancia adquirida ao longo desses anos e o estabelecimento de v\u00ednculos duradouros com fornecedores compromissados com a qualidade e o atendimento do cliente final, a Voltherm tamb\u00e9m atua com grande express\u00e3o no ramo de fornecimento de <em>resist\u00eancias el\u00e9tricas industriais, <\/em>possuindo em seu cat\u00e1logo uma diversidade de produtos, que v\u00e3o se adequar perfeitamente \u00e0s necessidades de sua empresa.<\/p>\n<p><strong>\u00a0<\/strong><\/p>\n<p><strong>\u00a0<\/strong><\/p>\n<p><strong>\u00a0<\/strong><\/p>\n<p style=\"text-align: left;\"><strong>Miss\u00e3o<\/strong><\/p>\n<p>Durante estes anos de afinco, experi\u00eancia e relacionamentos t\u00e9cnico-comercias a Voltherm compreendeu com grande profundidade as necessidades individuais dos mais diversos tipos de clientes do setor e moldou a sua miss\u00e3o em torno do desenvolvimento de projetos de qualidade, capazes de atender as necessidades individuais de cada cliente, tanto no setor de m\u00e3o-de-obra, como a venda de produtos.<\/p>\n<p><strong>Compromisso<\/strong><\/p>\n<p>A Voltherm est\u00e1 alian\u00e7ada com os mais modernos conceitos empresariais da atualidade. Neste sentido, nosso compromisso est\u00e1 umbilicalmente ligado \u00e0 prote\u00e7\u00e3o do meio ambiente por meio de produtos e servi\u00e7os de excel\u00eancia, voltados para a durabilidade e desempenho. Temos compromisso constante com a capacita\u00e7\u00e3o dos nossos colaboradores e a certifica\u00e7\u00e3o das mat\u00e9rias primas utilizadas, resultando na exponencial qualidade dos nossos produtos.<\/p>\n<p><strong>Objetivo\u00a0\u00a0\u00a0\u00a0\u00a0\u00a0\u00a0\u00a0\u00a0\u00a0\u00a0 <\/strong><\/p>\n<p>A Voltherm tem por objetivo aliar t\u00e9cnica, excel\u00eancia e tecnologia proporcionando aos seus parceiros-clientes a plena satisfa\u00e7\u00e3o em torno de produtos e servi\u00e7os de qualidade, evidentemente alian\u00e7ados ao melhor custo benef\u00edcio do mercado. Desta forma, acreditamos em uma forte liga\u00e7\u00e3o entre o nosso objetivo e os resultados pr\u00e1ticos para parceiros-clientes em busca de tecnologia e qualidade.<\/p>\n<p>Rua Rosa de Sharon 99 <br \/>Parque Residencial Scaffid ll <br \/>Itaquaquecetuba &#8211; S\u00e3o Paulo<br \/>CEP: 08587-810<\/p>\n<p>CNPJ.: 11.179.449\/0001-85 &#8211; Insc. Est.: 379184649113<\/p>\n\n\n<p><\/p>\n","protected":false},"excerpt":{"rendered":"<p>A empresa A Voltherm est\u00e1 no mercado h\u00e1 mais de dez anos, realizando servi\u00e7os de excel\u00eancia na \u00e1rea de manuten\u00e7\u00e3o<\/p>\n","protected":false},"author":1,"featured_media":0,"parent":0,"menu_order":0,"comment_status":"closed","ping_status":"closed","template":"","meta":[],"_links":{"self":[{"href":"https:\/\/www.voltherm.com.br\/site\/wp-json\/wp\/v2\/pages\/477"}],"collection":[{"href":"https:\/\/www.voltherm.com.br\/site\/wp-json\/wp\/v2\/pages"}],"about":[{"href":"https:\/\/www.voltherm.com.br\/site\/wp-json\/wp\/v2\/types\/page"}],"author":[{"embeddable":true,"href":"https:\/\/www.voltherm.com.br\/site\/wp-json\/wp\/v2\/users\/1"}],"replies":[{"embeddable":true,"href":"https:\/\/www.voltherm.com.br\/site\/wp-json\/wp\/v2\/comments?post=477"}],"version-history":[{"count":11,"href":"https:\/\/www.voltherm.com.br\/site\/wp-json\/wp\/v2\/pages\/477\/revisions"}],"predecessor-version":[{"id":597,"href":"https:\/\/www.voltherm.com.br\/site\/wp-json\/wp\/v2\/pages\/477\/revisions\/597"}],"wp:attachment":[{"href":"https:\/\/www.voltherm.com.br\/site\/wp-json\/wp\/v2\/media?parent=477"}],"curies":[{"name":"wp","href":"https:\/\/api.w.org\/{rel}","templated":true}]}}